{"id":603,"date":"2023-02-02T22:28:15","date_gmt":"2023-02-02T22:28:15","guid":{"rendered":"https:\/\/bakkerandpartners.com\/?page_id=603"},"modified":"2025-11-14T19:34:32","modified_gmt":"2025-11-14T19:34:32","slug":"industries","status":"publish","type":"page","link":"https:\/\/bakkerandpartners.com\/en\/industrias\/","title":{"rendered":"Industries"},"content":{"rendered":"<div data-elementor-type=\"wp-page\" data-elementor-id=\"603\" class=\"elementor elementor-603\" data-elementor-post-type=\"page\">\n\t\t\t\t\t\t<section class=\"elementor-section elementor-top-section elementor-element elementor-element-41c31eb1 elementor-section-height-min-height elementor-section-boxed elementor-section-height-default elementor-section-items-middle\" data-id=\"41c31eb1\" data-element_type=\"section\" data-e-type=\"section\" data-settings=\"{&quot;background_background&quot;:&quot;classic&quot;}\">\n\t\t\t\t\t\t\t<div class=\"elementor-background-overlay\"><\/div>\n\t\t\t\t\t\t\t<div class=\"elementor-container elementor-column-gap-default\">\n\t\t\t\t\t<div class=\"elementor-column elementor-col-100 elementor-top-column elementor-element elementor-element-7752e6f6\" data-id=\"7752e6f6\" data-element_type=\"column\" data-e-type=\"column\">\n\t\t\t<div class=\"elementor-widget-wrap elementor-element-populated\">\n\t\t\t\t\t\t\t<\/div>\n\t\t<\/div>\n\t\t\t\t\t<\/div>\n\t\t<\/section>\n\t\t\t\t<section class=\"elementor-section elementor-top-section elementor-element elementor-element-5ea83193 elementor-section-boxed elementor-section-height-default elementor-section-height-default\" data-id=\"5ea83193\" data-element_type=\"section\" data-e-type=\"section\">\n\t\t\t\t\t\t<div class=\"elementor-container elementor-column-gap-default\">\n\t\t\t\t\t<div class=\"elementor-column elementor-col-50 elementor-top-column elementor-element elementor-element-3371ae5c\" data-id=\"3371ae5c\" data-element_type=\"column\" data-e-type=\"column\">\n\t\t\t<div class=\"elementor-widget-wrap elementor-element-populated\">\n\t\t\t\t\t\t<div class=\"elementor-element elementor-element-7beedf85 elementor-widget elementor-widget-button\" data-id=\"7beedf85\" data-element_type=\"widget\" data-e-type=\"widget\" data-widget_type=\"button.default\">\n\t\t\t\t<div class=\"elementor-widget-container\">\n\t\t\t\t\t\t\t\t\t<div class=\"elementor-button-wrapper\">\n\t\t\t\t\t<a class=\"elementor-button elementor-size-sm\" role=\"button\">\n\t\t\t\t\t\t<span class=\"elementor-button-content-wrapper\">\n\t\t\t\t\t\t\t\t\t<span class=\"elementor-button-text\">Industries<\/span>\n\t\t\t\t\t<\/span>\n\t\t\t\t\t<\/a>\n\t\t\t\t<\/div>\n\t\t\t\t\t\t\t\t<\/div>\n\t\t\t\t<\/div>\n\t\t\t\t<div class=\"elementor-element elementor-element-2f5e7d43 elementor-widget elementor-widget-heading\" data-id=\"2f5e7d43\" data-element_type=\"widget\" data-e-type=\"widget\" data-widget_type=\"heading.default\">\n\t\t\t\t<div class=\"elementor-widget-container\">\n\t\t\t\t\t<h2 class=\"elementor-heading-title elementor-size-default\">Customized solutions for each industry.<\/h2>\t\t\t\t<\/div>\n\t\t\t\t<\/div>\n\t\t\t\t<div class=\"elementor-element elementor-element-291ad420 elementor-widget elementor-widget-text-editor\" data-id=\"291ad420\" data-element_type=\"widget\" data-e-type=\"widget\" data-widget_type=\"text-editor.default\">\n\t\t\t\t<div class=\"elementor-widget-container\">\n\t\t\t\t\t\t\t\t\t<p>At Bakker &amp; Partners, we understand that every industry faces unique challenges. Therefore, we develop strategic and technological solutions adapted to the business needs of different industries.<\/p><p>Whether you are looking to optimize your relationship with your customers, launch your online business, implement web solutions or strengthen your digital marketing strategy, we accompany you throughout the process.<\/p><p>Our purpose is to help you focus on what matters most: growing your sales and consolidating your position in the market.<\/p>\t\t\t\t\t\t\t\t<\/div>\n\t\t\t\t<\/div>\n\t\t\t\t<div class=\"elementor-element elementor-element-6aebf5f elementor-widget elementor-widget-button\" data-id=\"6aebf5f\" data-element_type=\"widget\" data-e-type=\"widget\" data-widget_type=\"button.default\">\n\t\t\t\t<div class=\"elementor-widget-container\">\n\t\t\t\t\t\t\t\t\t<div class=\"elementor-button-wrapper\">\n\t\t\t\t\t<a class=\"elementor-button elementor-button-link elementor-size-sm\" href=\"https:\/\/bakkerandpartners.com\/en\/contactenos\/\">\n\t\t\t\t\t\t<span class=\"elementor-button-content-wrapper\">\n\t\t\t\t\t\t\t\t\t<span class=\"elementor-button-text\">Contact Us &gt;&gt;<\/span>\n\t\t\t\t\t<\/span>\n\t\t\t\t\t<\/a>\n\t\t\t\t<\/div>\n\t\t\t\t\t\t\t\t<\/div>\n\t\t\t\t<\/div>\n\t\t\t\t\t<\/div>\n\t\t<\/div>\n\t\t\t\t<div class=\"elementor-column elementor-col-50 elementor-top-column elementor-element elementor-element-1e4b8245\" data-id=\"1e4b8245\" data-element_type=\"column\" data-e-type=\"column\">\n\t\t\t<div class=\"elementor-widget-wrap elementor-element-populated\">\n\t\t\t\t\t\t<div class=\"elementor-element elementor-element-32701f5f elementor-widget elementor-widget-image\" data-id=\"32701f5f\" data-element_type=\"widget\" data-e-type=\"widget\" data-widget_type=\"image.default\">\n\t\t\t\t<div class=\"elementor-widget-container\">\n\t\t\t\t\t\t\t\t\t\t\t\t\t\t\t<img fetchpriority=\"high\" decoding=\"async\" width=\"800\" height=\"533\" src=\"https:\/\/bakkerandpartners.com\/wp-content\/uploads\/2023\/02\/industrias-pic.jpg\" class=\"attachment-large size-large wp-image-622\" alt=\"\" srcset=\"https:\/\/bakkerandpartners.com\/wp-content\/uploads\/2023\/02\/industrias-pic.jpg 800w, https:\/\/bakkerandpartners.com\/wp-content\/uploads\/2023\/02\/industrias-pic-300x200.jpg 300w, https:\/\/bakkerandpartners.com\/wp-content\/uploads\/2023\/02\/industrias-pic-768x512.jpg 768w, https:\/\/bakkerandpartners.com\/wp-content\/uploads\/2023\/02\/industrias-pic-18x12.jpg 18w\" sizes=\"(max-width: 800px) 100vw, 800px\" \/>\t\t\t\t\t\t\t\t\t\t\t\t\t\t\t<\/div>\n\t\t\t\t<\/div>\n\t\t\t\t\t<\/div>\n\t\t<\/div>\n\t\t\t\t\t<\/div>\n\t\t<\/section>\n\t\t\t\t<section class=\"elementor-section elementor-top-section elementor-element elementor-element-12293fb5 elementor-section-boxed elementor-section-height-default elementor-section-height-default\" data-id=\"12293fb5\" data-element_type=\"section\" data-e-type=\"section\" data-settings=\"{&quot;background_background&quot;:&quot;classic&quot;}\">\n\t\t\t\t\t\t<div class=\"elementor-container elementor-column-gap-default\">\n\t\t\t\t\t<div class=\"elementor-column elementor-col-100 elementor-top-column elementor-element elementor-element-18f96ff7\" data-id=\"18f96ff7\" data-element_type=\"column\" data-e-type=\"column\">\n\t\t\t<div class=\"elementor-widget-wrap elementor-element-populated\">\n\t\t\t\t\t\t<div class=\"elementor-element elementor-element-4f2cf496 elementor-widget elementor-widget-text-editor\" data-id=\"4f2cf496\" data-element_type=\"widget\" data-e-type=\"widget\" data-widget_type=\"text-editor.default\">\n\t\t\t\t<div class=\"elementor-widget-container\">\n\t\t\t\t\t\t\t\t\t<p><strong>Industries for which we provide our services<\/strong><\/p><p><strong>Public Services<\/strong><\/p><p>In all industries, public services such as: water, electricity, gas, telephone and internet.<\/p><p>They are essential services that play an important role in the economic and social development of businesses.<\/p><p>The utilities industry develops infrastructure to efficiently manage all resources.<\/p><p>In modern society, these services have gone from being a luxury to a critical component of operation.<\/p>\t\t\t\t\t\t\t\t<\/div>\n\t\t\t\t<\/div>\n\t\t\t\t<section class=\"elementor-section elementor-inner-section elementor-element elementor-element-108c235 elementor-section-boxed elementor-section-height-default elementor-section-height-default\" data-id=\"108c235\" data-element_type=\"section\" data-e-type=\"section\">\n\t\t\t\t\t\t<div class=\"elementor-container elementor-column-gap-default\">\n\t\t\t\t\t<div class=\"elementor-column elementor-col-25 elementor-inner-column elementor-element elementor-element-bd28938\" data-id=\"bd28938\" data-element_type=\"column\" data-e-type=\"column\">\n\t\t\t<div class=\"elementor-widget-wrap elementor-element-populated\">\n\t\t\t\t\t\t<div class=\"elementor-element elementor-element-b26e050 elementor-widget elementor-widget-text-editor\" data-id=\"b26e050\" data-element_type=\"widget\" data-e-type=\"widget\" data-widget_type=\"text-editor.default\">\n\t\t\t\t<div class=\"elementor-widget-container\">\n\t\t\t\t\t\t\t\t\t<p><strong>Manufacturing<\/strong><\/p><p>In the manufacturing industry we have collaborated with marketing projects in organizations involved in:<\/p><ul><li>Production<\/li><li>Development<\/li><li>Maintenance<\/li><li>Design<\/li><li>Creation of components<br \/><br \/><\/li><\/ul><p>These organizations cover a large part of the market, providing products and services to suppliers, distributors and end customers.<\/p>\t\t\t\t\t\t\t\t<\/div>\n\t\t\t\t<\/div>\n\t\t\t\t\t<\/div>\n\t\t<\/div>\n\t\t\t\t<div class=\"elementor-column elementor-col-25 elementor-inner-column elementor-element elementor-element-dbc53d9\" data-id=\"dbc53d9\" data-element_type=\"column\" data-e-type=\"column\">\n\t\t\t<div class=\"elementor-widget-wrap elementor-element-populated\">\n\t\t\t\t\t\t<div class=\"elementor-element elementor-element-8588e63 elementor-widget elementor-widget-text-editor\" data-id=\"8588e63\" data-element_type=\"widget\" data-e-type=\"widget\" data-widget_type=\"text-editor.default\">\n\t\t\t\t<div class=\"elementor-widget-container\">\n\t\t\t\t\t\t\t\t\t<p><strong>Legal<\/strong><\/p><p>The legal industry is a very profitable mainstay and part of our daily lives, lawyers play a key role in advising or representing those who are harmed by damaged products, illegal labor practices or fraud.<\/p>\t\t\t\t\t\t\t\t<\/div>\n\t\t\t\t<\/div>\n\t\t\t\t\t<\/div>\n\t\t<\/div>\n\t\t\t\t<div class=\"elementor-column elementor-col-25 elementor-inner-column elementor-element elementor-element-7665f1f\" data-id=\"7665f1f\" data-element_type=\"column\" data-e-type=\"column\">\n\t\t\t<div class=\"elementor-widget-wrap elementor-element-populated\">\n\t\t\t\t\t\t<div class=\"elementor-element elementor-element-2a27938 elementor-widget elementor-widget-text-editor\" data-id=\"2a27938\" data-element_type=\"widget\" data-e-type=\"widget\" data-widget_type=\"text-editor.default\">\n\t\t\t\t<div class=\"elementor-widget-container\">\n\t\t\t\t\t\t\t\t\t<p><strong>Technology<\/strong><\/p><p>The information technology sector is undergoing an accelerated evolution and is transforming the culture of how commerce moves.<\/p><p>Day by day, all businesses need to operate, innovate and grow, therefore technology has come to change the paradigm of how companies sell services, for example the metaverse is already a reality and companies must be prepared to sell their products and services virtually.<\/p>\t\t\t\t\t\t\t\t<\/div>\n\t\t\t\t<\/div>\n\t\t\t\t\t<\/div>\n\t\t<\/div>\n\t\t\t\t<div class=\"elementor-column elementor-col-25 elementor-inner-column elementor-element elementor-element-d87d36c\" data-id=\"d87d36c\" data-element_type=\"column\" data-e-type=\"column\">\n\t\t\t<div class=\"elementor-widget-wrap elementor-element-populated\">\n\t\t\t\t\t\t<div class=\"elementor-element elementor-element-2275c7b elementor-widget elementor-widget-text-editor\" data-id=\"2275c7b\" data-element_type=\"widget\" data-e-type=\"widget\" data-widget_type=\"text-editor.default\">\n\t\t\t\t<div class=\"elementor-widget-container\">\n\t\t\t\t\t\t\t\t\t<p><strong>Healthcare<\/strong><\/p><p>The health industry is a sector that is in constant growth and demand, both for services and medical products, every day challenges are born in the field of research and prevention of diseases where the information must reach appropriately to the interested parties.<\/p><p>Bakker &amp; Partners have worked hand in hand with several companies, medical practices and distributors, providing advice and strategies to reach the right markets for our clients.<\/p><p>Human health is priceless and we work hard to ensure that patients get the information in the best way based on proven marketing strategies.<\/p>\t\t\t\t\t\t\t\t<\/div>\n\t\t\t\t<\/div>\n\t\t\t\t\t<\/div>\n\t\t<\/div>\n\t\t\t\t\t<\/div>\n\t\t<\/section>\n\t\t\t\t\t<\/div>\n\t\t<\/div>\n\t\t\t\t\t<\/div>\n\t\t<\/section>\n\t\t\t\t<\/div>","protected":false},"excerpt":{"rendered":"<p>Industrias Soluciones personalizadas para cada industria. En Bakker &amp; Partners comprendemos que cada sector enfrenta desaf\u00edos \u00fanicos. Por eso, desarrollamos soluciones estrat\u00e9gicas y tecnol\u00f3gicas adaptadas a las necesidades comerciales de diferentes industrias. Ya sea que busques optimizar la relaci\u00f3n con tus clientes, lanzar tu negocio en l\u00ednea, implementar soluciones web o fortalecer tu estrategia de [&hellip;]<\/p>\n","protected":false},"author":2,"featured_media":0,"parent":0,"menu_order":0,"comment_status":"closed","ping_status":"closed","template":"elementor_header_footer","meta":{"footnotes":""},"class_list":["post-603","page","type-page","status-publish","hentry"],"_links":{"self":[{"href":"https:\/\/bakkerandpartners.com\/en\/wp-json\/wp\/v2\/pages\/603","targetHints":{"allow":["GET"]}}],"collection":[{"href":"https:\/\/bakkerandpartners.com\/en\/wp-json\/wp\/v2\/pages"}],"about":[{"href":"https:\/\/bakkerandpartners.com\/en\/wp-json\/wp\/v2\/types\/page"}],"author":[{"embeddable":true,"href":"https:\/\/bakkerandpartners.com\/en\/wp-json\/wp\/v2\/users\/2"}],"replies":[{"embeddable":true,"href":"https:\/\/bakkerandpartners.com\/en\/wp-json\/wp\/v2\/comments?post=603"}],"version-history":[{"count":49,"href":"https:\/\/bakkerandpartners.com\/en\/wp-json\/wp\/v2\/pages\/603\/revisions"}],"predecessor-version":[{"id":1612,"href":"https:\/\/bakkerandpartners.com\/en\/wp-json\/wp\/v2\/pages\/603\/revisions\/1612"}],"wp:attachment":[{"href":"https:\/\/bakkerandpartners.com\/en\/wp-json\/wp\/v2\/media?parent=603"}],"curies":[{"name":"wp","href":"https:\/\/api.w.org\/{rel}","templated":true}]}}